{"id":11196,"date":"2020-03-18T08:57:32","date_gmt":"2020-03-18T08:57:32","guid":{"rendered":"https:\/\/pastorkalt.sk\/?page_id=11196"},"modified":"2020-03-18T09:01:48","modified_gmt":"2020-03-18T09:01:48","slug":"pr-articles","status":"publish","type":"page","link":"https:\/\/pastorkalt.sk\/en\/pr-articles\/","title":{"rendered":"PR articles"},"content":{"rendered":"<p>[vc_row el_class=&#8221;blog&#8221;][vc_column]<div class=\"column_filters\"><div class=\"blog_wrapper isotope_wrapper clearfix\"><div class=\"posts_group lm_wrapper col-2 classic\"><div class=\"post-item isotope-item clearfix author-megaapple-vegasolutions-eu post-11241 post type-post status-publish format-standard has-post-thumbnail hentry category-pr-articles\" ><div class=\"date_label\">5. May 2020<\/div><div class=\"image_frame post-photo-wrapper scale-with-grid image\"><div class=\"image_wrapper\"><a href=\"https:\/\/pastorkalt.sk\/en\/nove-zamky-and-its-surroundings-from-heaven\/\"><div class=\"mask\"><\/div><img width=\"960\" height=\"720\" src=\"https:\/\/pastorkalt.sk\/wp-content\/uploads\/2020\/03\/pastorkalt_prclanok_novezamky_z_neba_featured-960x720.jpg\" class=\"scale-with-grid wp-post-image\" alt=\"pastorkalt - nove zamky z neba\" loading=\"lazy\" srcset=\"https:\/\/pastorkalt.sk\/wp-content\/uploads\/2020\/03\/pastorkalt_prclanok_novezamky_z_neba_featured-960x720.jpg 960w, https:\/\/pastorkalt.sk\/wp-content\/uploads\/2020\/03\/pastorkalt_prclanok_novezamky_z_neba_featured-300x225.jpg 300w, https:\/\/pastorkalt.sk\/wp-content\/uploads\/2020\/03\/pastorkalt_prclanok_novezamky_z_neba_featured-768x576.jpg 768w, https:\/\/pastorkalt.sk\/wp-content\/uploads\/2020\/03\/pastorkalt_prclanok_novezamky_z_neba_featured-800x600.jpg 800w, https:\/\/pastorkalt.sk\/wp-content\/uploads\/2020\/03\/pastorkalt_prclanok_novezamky_z_neba_featured-195x146.jpg 195w, https:\/\/pastorkalt.sk\/wp-content\/uploads\/2020\/03\/pastorkalt_prclanok_novezamky_z_neba_featured-50x38.jpg 50w, https:\/\/pastorkalt.sk\/wp-content\/uploads\/2020\/03\/pastorkalt_prclanok_novezamky_z_neba_featured-100x75.jpg 100w, https:\/\/pastorkalt.sk\/wp-content\/uploads\/2020\/03\/pastorkalt_prclanok_novezamky_z_neba_featured.jpg 1024w\" sizes=\"(max-width: 960px) 100vw, 960px\" \/><\/a><div class=\"image_links double\"><a href=\"https:\/\/pastorkalt.sk\/wp-content\/uploads\/2020\/03\/pastorkalt_prclanok_novezamky_z_neba_featured.jpg\" class=\"zoom\" rel=\"prettyphoto\"><i class=\"icon-search\"><\/i><\/a><a href=\"https:\/\/pastorkalt.sk\/en\/nove-zamky-and-its-surroundings-from-heaven\/\" class=\"link\"><i class=\"icon-link\"><\/i><\/a><\/div><\/div><\/div><div class=\"post-desc-wrapper\"><div class=\"post-desc\"><div class=\"post-head\"><div class=\"post-meta clearfix\"><span class=\"date\"><span class=\"label\">Published <\/span><i class=\"icon-clock\"><\/i> <span class=\"post-date updated\">5. May 2020<\/span><\/span><\/div><\/div><div class=\"post-title\"><h2 class=\"entry-title\" itemprop=\"headline\"><a href=\"https:\/\/pastorkalt.sk\/en\/nove-zamky-and-its-surroundings-from-heaven\/\">Nov\u00e9 Z\u00e1mky And Its Surroundings From Heaven<\/a><\/h2><\/div><div class=\"post-excerpt\" style=\"text-align:justify;\"><\/div><div class=\"post-footer\"><div class=\"button-love\"><span class=\"love-text\">Do you like it ?<\/span><a href=\"#\" class=\"mfn-love \" data-id=\"11241\"><span class=\"icons-wrapper\"><i class=\"icon-heart-empty-fa\"><\/i><i class=\"icon-heart-fa\"><\/i><\/span><span class=\"label\">0<\/span><\/a><\/div><div class=\"post-links\"><i class=\"icon-doc-text\"><\/i> <a href=\"https:\/\/pastorkalt.sk\/en\/nove-zamky-and-its-surroundings-from-heaven\/\" class=\"post-more\">View more<\/a><\/div><\/div><\/div><\/div><\/div><div class=\"post-item isotope-item clearfix author-megaapple-vegasolutions-eu post-11437 post type-post status-publish format-standard has-post-thumbnail hentry category-pr-articles\" ><div class=\"date_label\">14. April 2020<\/div><div class=\"image_frame post-photo-wrapper scale-with-grid image\"><div class=\"image_wrapper\"><a href=\"https:\/\/pastorkalt.sk\/en\/bisnode-register-of-solvent-companies\/\"><div class=\"mask\"><\/div><img width=\"960\" height=\"720\" src=\"https:\/\/pastorkalt.sk\/wp-content\/uploads\/2020\/04\/pastorkalt_prclanok_bisnode2020_featured-960x720.jpg\" class=\"scale-with-grid wp-post-image\" alt=\"bisnode 2020 - pastorkalt a.s.\" loading=\"lazy\" srcset=\"https:\/\/pastorkalt.sk\/wp-content\/uploads\/2020\/04\/pastorkalt_prclanok_bisnode2020_featured-960x720.jpg 960w, https:\/\/pastorkalt.sk\/wp-content\/uploads\/2020\/04\/pastorkalt_prclanok_bisnode2020_featured-300x225.jpg 300w, https:\/\/pastorkalt.sk\/wp-content\/uploads\/2020\/04\/pastorkalt_prclanok_bisnode2020_featured-768x576.jpg 768w, https:\/\/pastorkalt.sk\/wp-content\/uploads\/2020\/04\/pastorkalt_prclanok_bisnode2020_featured-800x600.jpg 800w, https:\/\/pastorkalt.sk\/wp-content\/uploads\/2020\/04\/pastorkalt_prclanok_bisnode2020_featured-195x146.jpg 195w, https:\/\/pastorkalt.sk\/wp-content\/uploads\/2020\/04\/pastorkalt_prclanok_bisnode2020_featured-50x38.jpg 50w, https:\/\/pastorkalt.sk\/wp-content\/uploads\/2020\/04\/pastorkalt_prclanok_bisnode2020_featured-100x75.jpg 100w, https:\/\/pastorkalt.sk\/wp-content\/uploads\/2020\/04\/pastorkalt_prclanok_bisnode2020_featured.jpg 1024w\" sizes=\"(max-width: 960px) 100vw, 960px\" \/><\/a><div class=\"image_links double\"><a href=\"https:\/\/pastorkalt.sk\/wp-content\/uploads\/2020\/04\/pastorkalt_prclanok_bisnode2020_featured.jpg\" class=\"zoom\" rel=\"prettyphoto\"><i class=\"icon-search\"><\/i><\/a><a href=\"https:\/\/pastorkalt.sk\/en\/bisnode-register-of-solvent-companies\/\" class=\"link\"><i class=\"icon-link\"><\/i><\/a><\/div><\/div><\/div><div class=\"post-desc-wrapper\"><div class=\"post-desc\"><div class=\"post-head\"><div class=\"post-meta clearfix\"><span class=\"date\"><span class=\"label\">Published <\/span><i class=\"icon-clock\"><\/i> <span class=\"post-date updated\">14. April 2020<\/span><\/span><\/div><\/div><div class=\"post-title\"><h2 class=\"entry-title\" itemprop=\"headline\"><a href=\"https:\/\/pastorkalt.sk\/en\/bisnode-register-of-solvent-companies\/\">Bisnode \u2013 register of solvent companies<\/a><\/h2><\/div><div class=\"post-excerpt\" style=\"text-align:justify;\">Bisnode Certification of economic condition of companies. Join the company of stable and reliable companies. Our company Pastorkalt a.s. also has a certificate Bisnode for 2020. The complete list of companies was published in the March issue of Business newspapers.<\/div><div class=\"post-footer\"><div class=\"button-love\"><span class=\"love-text\">Do you like it ?<\/span><a href=\"#\" class=\"mfn-love \" data-id=\"11437\"><span class=\"icons-wrapper\"><i class=\"icon-heart-empty-fa\"><\/i><i class=\"icon-heart-fa\"><\/i><\/span><span class=\"label\">0<\/span><\/a><\/div><div class=\"post-links\"><i class=\"icon-doc-text\"><\/i> <a href=\"https:\/\/pastorkalt.sk\/en\/bisnode-register-of-solvent-companies\/\" class=\"post-more\">View more<\/a><\/div><\/div><\/div><\/div><\/div><\/div><\/div>\n<\/div>\n[\/vc_column][\/vc_row]<\/p>\n","protected":false},"excerpt":{"rendered":"<p>[vc_row el_class=&#8221;blog&#8221;][vc_column][\/vc_column][\/vc_row]<\/p>\n","protected":false},"author":5,"featured_media":0,"parent":0,"menu_order":0,"comment_status":"closed","ping_status":"closed","template":"","meta":[],"yoast_head":"<!-- This site is optimized with the Yoast SEO plugin v17.6 - https:\/\/yoast.com\/wordpress\/plugins\/seo\/ -->\n<title>PR articles &ndash; Pastorkalt.sk<\/title>\n<meta name=\"robots\" content=\"index, follow, max-snippet:-1, max-image-preview:large, max-video-preview:-1\" \/>\n<link rel=\"canonical\" href=\"https:\/\/pastorkalt.sk\/en\/pr-articles\/\" \/>\n<meta property=\"og:locale\" content=\"en_US\" \/>\n<meta property=\"og:type\" content=\"article\" \/>\n<meta property=\"og:title\" content=\"PR articles &ndash; Pastorkalt.sk\" \/>\n<meta property=\"og:description\" content=\"[vc_row el_class=&#8221;blog&#8221;][vc_column][\/vc_column][\/vc_row]\" \/>\n<meta property=\"og:url\" content=\"https:\/\/pastorkalt.sk\/en\/pr-articles\/\" \/>\n<meta property=\"og:site_name\" content=\"Pastorkalt.sk\" \/>\n<meta property=\"article:modified_time\" content=\"2020-03-18T09:01:48+00:00\" \/>\n<meta property=\"og:image\" content=\"https:\/\/pastorkalt.sk\/wp-content\/uploads\/2017\/09\/slider_budova_nz.jpg\" \/>\n\t<meta property=\"og:image:width\" content=\"1920\" \/>\n\t<meta property=\"og:image:height\" content=\"1080\" \/>\n<script type=\"application\/ld+json\" class=\"yoast-schema-graph\">{\"@context\":\"https:\/\/schema.org\",\"@graph\":[{\"@type\":\"Organization\",\"@id\":\"https:\/\/pastorkalt.sk\/de\/#organization\",\"name\":\"PASTORKALT a. s.\",\"url\":\"https:\/\/pastorkalt.sk\/de\/\",\"sameAs\":[],\"logo\":{\"@type\":\"ImageObject\",\"@id\":\"https:\/\/pastorkalt.sk\/de\/#logo\",\"inLanguage\":\"en-US\",\"url\":\"https:\/\/pastorkalt.sk\/wp-content\/uploads\/2017\/10\/pklogo_black_retina.png\",\"contentUrl\":\"https:\/\/pastorkalt.sk\/wp-content\/uploads\/2017\/10\/pklogo_black_retina.png\",\"width\":430,\"height\":216,\"caption\":\"PASTORKALT a. s.\"},\"image\":{\"@id\":\"https:\/\/pastorkalt.sk\/de\/#logo\"}},{\"@type\":\"WebSite\",\"@id\":\"https:\/\/pastorkalt.sk\/de\/#website\",\"url\":\"https:\/\/pastorkalt.sk\/de\/\",\"name\":\"Pastorkalt.sk\",\"description\":\"Ak to m\\u00e1 by\\u0165 chladen\\u00e9\",\"publisher\":{\"@id\":\"https:\/\/pastorkalt.sk\/de\/#organization\"},\"potentialAction\":[{\"@type\":\"SearchAction\",\"target\":{\"@type\":\"EntryPoint\",\"urlTemplate\":\"https:\/\/pastorkalt.sk\/de\/?s={search_term_string}\"},\"query-input\":\"required name=search_term_string\"}],\"inLanguage\":\"en-US\"},{\"@type\":\"WebPage\",\"@id\":\"https:\/\/pastorkalt.sk\/en\/pr-articles\/#webpage\",\"url\":\"https:\/\/pastorkalt.sk\/en\/pr-articles\/\",\"name\":\"PR articles &ndash; Pastorkalt.sk\",\"isPartOf\":{\"@id\":\"https:\/\/pastorkalt.sk\/de\/#website\"},\"datePublished\":\"2020-03-18T08:57:32+00:00\",\"dateModified\":\"2020-03-18T09:01:48+00:00\",\"breadcrumb\":{\"@id\":\"https:\/\/pastorkalt.sk\/en\/pr-articles\/#breadcrumb\"},\"inLanguage\":\"en-US\",\"potentialAction\":[{\"@type\":\"ReadAction\",\"target\":[\"https:\/\/pastorkalt.sk\/en\/pr-articles\/\"]}]},{\"@type\":\"BreadcrumbList\",\"@id\":\"https:\/\/pastorkalt.sk\/en\/pr-articles\/#breadcrumb\",\"itemListElement\":[{\"@type\":\"ListItem\",\"position\":1,\"name\":\"Home\",\"item\":\"https:\/\/pastorkalt.sk\/en\/\"},{\"@type\":\"ListItem\",\"position\":2,\"name\":\"PR articles\"}]}]}<\/script>\n<!-- \/ Yoast SEO plugin. -->","yoast_head_json":{"title":"PR articles &ndash; Pastorkalt.sk","robots":{"index":"index","follow":"follow","max-snippet":"max-snippet:-1","max-image-preview":"max-image-preview:large","max-video-preview":"max-video-preview:-1"},"canonical":"https:\/\/pastorkalt.sk\/en\/pr-articles\/","og_locale":"en_US","og_type":"article","og_title":"PR articles &ndash; Pastorkalt.sk","og_description":"[vc_row el_class=&#8221;blog&#8221;][vc_column][\/vc_column][\/vc_row]","og_url":"https:\/\/pastorkalt.sk\/en\/pr-articles\/","og_site_name":"Pastorkalt.sk","article_modified_time":"2020-03-18T09:01:48+00:00","og_image":[{"width":1920,"height":1080,"url":"https:\/\/pastorkalt.sk\/wp-content\/uploads\/2017\/09\/slider_budova_nz.jpg","type":"image\/jpeg"}],"schema":{"@context":"https:\/\/schema.org","@graph":[{"@type":"Organization","@id":"https:\/\/pastorkalt.sk\/de\/#organization","name":"PASTORKALT a. s.","url":"https:\/\/pastorkalt.sk\/de\/","sameAs":[],"logo":{"@type":"ImageObject","@id":"https:\/\/pastorkalt.sk\/de\/#logo","inLanguage":"en-US","url":"https:\/\/pastorkalt.sk\/wp-content\/uploads\/2017\/10\/pklogo_black_retina.png","contentUrl":"https:\/\/pastorkalt.sk\/wp-content\/uploads\/2017\/10\/pklogo_black_retina.png","width":430,"height":216,"caption":"PASTORKALT a. s."},"image":{"@id":"https:\/\/pastorkalt.sk\/de\/#logo"}},{"@type":"WebSite","@id":"https:\/\/pastorkalt.sk\/de\/#website","url":"https:\/\/pastorkalt.sk\/de\/","name":"Pastorkalt.sk","description":"Ak to m\u00e1 by\u0165 chladen\u00e9","publisher":{"@id":"https:\/\/pastorkalt.sk\/de\/#organization"},"potentialAction":[{"@type":"SearchAction","target":{"@type":"EntryPoint","urlTemplate":"https:\/\/pastorkalt.sk\/de\/?s={search_term_string}"},"query-input":"required name=search_term_string"}],"inLanguage":"en-US"},{"@type":"WebPage","@id":"https:\/\/pastorkalt.sk\/en\/pr-articles\/#webpage","url":"https:\/\/pastorkalt.sk\/en\/pr-articles\/","name":"PR articles &ndash; Pastorkalt.sk","isPartOf":{"@id":"https:\/\/pastorkalt.sk\/de\/#website"},"datePublished":"2020-03-18T08:57:32+00:00","dateModified":"2020-03-18T09:01:48+00:00","breadcrumb":{"@id":"https:\/\/pastorkalt.sk\/en\/pr-articles\/#breadcrumb"},"inLanguage":"en-US","potentialAction":[{"@type":"ReadAction","target":["https:\/\/pastorkalt.sk\/en\/pr-articles\/"]}]},{"@type":"BreadcrumbList","@id":"https:\/\/pastorkalt.sk\/en\/pr-articles\/#breadcrumb","itemListElement":[{"@type":"ListItem","position":1,"name":"Home","item":"https:\/\/pastorkalt.sk\/en\/"},{"@type":"ListItem","position":2,"name":"PR articles"}]}]}},"_links":{"self":[{"href":"https:\/\/pastorkalt.sk\/en\/wp-json\/wp\/v2\/pages\/11196"}],"collection":[{"href":"https:\/\/pastorkalt.sk\/en\/wp-json\/wp\/v2\/pages"}],"about":[{"href":"https:\/\/pastorkalt.sk\/en\/wp-json\/wp\/v2\/types\/page"}],"author":[{"embeddable":true,"href":"https:\/\/pastorkalt.sk\/en\/wp-json\/wp\/v2\/users\/5"}],"replies":[{"embeddable":true,"href":"https:\/\/pastorkalt.sk\/en\/wp-json\/wp\/v2\/comments?post=11196"}],"version-history":[{"count":2,"href":"https:\/\/pastorkalt.sk\/en\/wp-json\/wp\/v2\/pages\/11196\/revisions"}],"predecessor-version":[{"id":11202,"href":"https:\/\/pastorkalt.sk\/en\/wp-json\/wp\/v2\/pages\/11196\/revisions\/11202"}],"wp:attachment":[{"href":"https:\/\/pastorkalt.sk\/en\/wp-json\/wp\/v2\/media?parent=11196"}],"curies":[{"name":"wp","href":"https:\/\/api.w.org\/{rel}","templated":true}]}}