{"id":3464,"date":"2017-09-04T13:13:49","date_gmt":"2017-09-04T13:13:49","guid":{"rendered":"http:\/\/pk.esystem.sk\/%d1%81%d0%b5%d1%80%d0%b2%d0%b8%d1%81%d1%8b\/"},"modified":"2021-02-23T11:59:44","modified_gmt":"2021-02-23T11:59:44","slug":"c%d0%bb%d1%83%d0%b6%d0%b1%d1%8b","status":"publish","type":"page","link":"https:\/\/pastorkalt.sk\/ru\/c%d0%bb%d1%83%d0%b6%d0%b1%d1%8b\/","title":{"rendered":"\u0421\u043b\u0443\u0436\u0431\u044b"},"content":{"rendered":"<p>[vc_row el_class=&#187;sluzby_projektovanie_top&#187;][vc_column]<div class=\"fancy_heading fancy_heading_line\"><h2 class=\"title\">\u041f\u0440\u043e\u0435\u043a\u0442\u0438\u0440\u043e\u0432\u0430\u043d\u0438\u0435<\/h2><\/div>\n[vc_column_text]<\/p>\n<p style=\"text-align: justify;\">\u0432\u044b \u0432\u043b\u0430\u0434\u0435\u043b\u0435\u0446 \u043c\u0430\u0433\u0430\u0437\u0438\u043d\u0430 \u0438 \u043d\u0430\u0445\u043e\u0434\u0438\u0442\u0435\u0441\u044c \u0432 \u0441\u0442\u0430\u0434\u0438\u0438 \u0432\u044b\u0431\u043e\u0440\u0430 \u0442\u043e\u0440\u0433\u043e\u0432\u043e-\u0445\u043e\u043b\u043e\u0434\u0438\u043b\u044c\u043d\u043e\u0433\u043e \u043e\u0431\u043e\u0440\u0443\u0434\u043e\u0432\u0430\u043d\u0438\u044f? \u043c\u044b \u043f\u043e\u043c\u043e\u0436\u0435\u043c \u0441 \u043f\u043e\u0434\u0431\u043e\u0440\u043e\u043c \u0445\u043e\u043b\u043e\u0434\u0438\u043b\u044c\u043d\u043e\u0433\u043e \u0438 \u043c\u043e\u0440\u043e\u0437\u0438\u043b\u044c\u043d\u043e\u0433\u043e \u043e\u0431\u043e\u0440\u0443\u0434\u043e\u0432\u0430\u043d\u0438\u044f , \u043f\u0440\u0435\u0434\u043b\u043e\u0436\u0438\u043c \u0432\u0430\u0440\u0438\u0430\u043d\u0442\u044b \u043e\u0442\u0434\u0435\u043b\u043a\u0438.<\/p>\n<p style=\"text-align: justify;\">\u0418\u0441\u0445\u043e\u0434\u044f \u0438\u0437 \u043d\u0430\u0448\u0435\u0433\u043e \u043e\u043f\u044b\u0442\u0430 \u0437\u0430\u043b\u043e\u0433\u043e\u043c \u0443\u0441\u043f\u0435\u0445\u0430 \u044f\u0432\u043b\u044f\u0435\u0442\u0441\u044f \u0433\u0440\u0430\u043c\u043e\u0442\u043d\u0430\u044f \u043f\u043b\u0430\u043d\u0438\u0440\u043e\u0432\u043a\u0430. \u041f\u043e\u044d\u0442\u043e\u043c\u0443 \u043c\u044b \u043f\u0440\u0435\u0434\u043e\u0441\u0442\u0430\u0432\u043b\u044f\u0435\u043c \u043d\u0430\u0448\u0438\u043c \u043a\u043b\u0438\u0435\u043d\u0442\u0430\u043c \u0441\u043e\u043e\u0442\u0432\u0435\u0442\u0441\u0432\u0443\u044e\u0449\u0443\u044e \u043f\u043e\u043c\u043e\u0449\u044c. \u0415\u0449\u0435 \u043d\u0430 \u044d\u0442\u0430\u043f\u0435 \u043f\u043b\u0430\u043d\u0438\u0440\u043e\u0432\u0430\u043d\u0438\u044f \u0412\u044b \u0431\u0443\u0434\u0435\u0442\u0435 \u0437\u043d\u0430\u0442\u044c \u043a\u0430\u043a \u0431\u0443\u0434\u0435\u0442 \u0432\u044b\u0433\u043b\u044f\u0434\u0435\u0442\u044c \u0432\u0430\u0448 \u043c\u0430\u0433\u0430\u0437\u0438\u043d. \u0414\u043b\u044f \u0442\u043e\u0433\u043e \u043d\u0435\u043e\u0431\u0445\u043e\u0434\u0438\u043c\u043e:<\/p>\n<p>[\/vc_column_text][vc_row_inner el_class=&#187;sluzby_works&#187;][vc_column_inner width=&#187;1\/4&#8243;]<div class=\"how_it_works no_border \"><div class=\"image\"><img src=\"https:\/\/pastorkalt.sk\/wp-content\/uploads\/2017\/09\/postup_1.png\" class=\"scale-with-grid\" alt=\"postup_1\" width=\"128\" height=\"128\"><span class=\"number\">1<\/span><\/div><h3 class=\"likeh4\">\u041e\u0442\u043f\u0440\u0430\u0432\u044c\u0442\u0435 \u043d\u0430\u043c<\/h3><div class=\"desc\" style=\"text-align:left;\"><\/p>\n<ul>\n<li>\u044d\u043b\u0435\u043a\u0442\u0440\u043e\u043d\u043d\u043e\u0439 \u043f\u043e\u0447\u0442\u043e\u0439<\/li>\n<li>\u043d\u0435\u0441\u043a\u043e\u043b\u044c\u043a\u043e \u0444\u043e\u0442\u043e\u0433\u0440\u0430\u0444\u0438\u0439 \u0441\u0443\u0449\u0435\u0441\u0442\u0432\u0443\u044e\u0449\u0435\u0439 \u043f\u043b\u043e\u0449\u0430\u0434\u0438<\/li>\n<li>\u0447\u0435\u0440\u0442\u0435\u0436 \u043c\u0430\u0433\u0430\u0437\u0438\u043d\u0430<\/li>\n<li>\u0435\u0441\u043b\u0438 \u0443 \u0432\u0430\u0441 \u043d\u0435\u0442 \u0447\u0435\u0440\u0442\u0435\u0436\u0430, \u043f\u043e\u0437\u0432\u043e\u043d\u0438\u0442\u0435 \u043d\u0430\u043c \u043c\u044b<\/li>\n<li>\u0434\u043e\u0433\u043e\u0432\u043e\u0440\u0438\u043c\u0441\u044f \u043e \u0432\u0441\u0442\u0440\u0435\u0447\u0435 \u043e\u0431\u0441\u0443\u0434\u0438\u043c \u0432\u0430\u0448\u0438<\/li>\n<li>\u043f\u043e\u0436\u0435\u043b\u0430\u043d\u0438\u044f \u0441\u0434\u0435\u043b\u0430\u0435\u043c \u043d\u0435\u043e\u0431\u0445\u043e\u0434\u0438\u043c\u044b\u0435 \u0437\u0430\u043c\u0435\u0440\u044b<\/li>\n<\/ul>\n<p><\/div><\/div>\n[\/vc_column_inner][vc_column_inner width=&#187;1\/4&#8243;]<div class=\"how_it_works no_border \"><div class=\"image\"><img src=\"https:\/\/pastorkalt.sk\/wp-content\/uploads\/2017\/09\/postup_2.png\" class=\"scale-with-grid\" alt=\"postup_2\" width=\"128\" height=\"128\"><span class=\"number\">2<\/span><\/div><h3 class=\"likeh4\">\u0421\u043e\u043f\u0440\u043e\u0432\u043e\u0436\u0434\u0435\u043d\u0438\u0435 \u0432 \u043f\u0435\u0440\u0438\u043e\u0434 \u044d\u043a\u0441\u043f\u043b\u0443\u0430\u0442\u0430\u0446\u0438\u0438<\/h3><div class=\"desc\" style=\"text-align:left;\"><\/p>\n<ul>\n<li>\u041d\u0430\u043c \u0432\u0430\u0436\u043d\u043e \u0432\u0430\u0448\u0435 \u043c\u043d\u0435\u043d\u0438\u0435 \u0432 \u043f\u0440\u043e\u0446\u0435\u0441\u0441\u0435 \u044d\u043a\u0441\u043f\u043b\u0443\u0430\u0442\u0430\u0446\u0438\u0438<\/li>\n<li>\u043d\u0430\u0448\u0435\u0433\u043e \u043e\u0431\u043e\u0440\u0443\u0434\u043e\u0432\u0430\u043d\u0438\u044f. \u041c\u044b \u0432\u0441\u0435\u0433\u0434\u0430 \u0433\u043e\u0442\u043e\u0432\u044b \u043a \u0432\u0441\u0442\u0440\u0435\u0447\u0435 \u0441<\/li>\n<li>\u043d\u0430\u0448\u0438\u043c\u0438 \u0437\u0430\u043a\u0430\u0437\u0447\u0438\u043a\u0430\u043c\u0438, \u0443\u0441\u043b\u044b\u0448\u0430\u0442\u044c \u0412\u0430\u0448\u0438 \u043f\u043e\u0436\u0435\u043b\u0430\u043d\u0438\u044f \u043f\u043e<\/li>\n<li>\u0440\u0430\u0431\u043e\u0442\u0435 \u0441 \u043d\u0430\u0448\u0438\u043c \u043e\u0431\u043e\u0440\u0443\u0434\u043e\u0432\u0430\u043d\u0438\u0435\u043c, \u043f\u0440\u043e\u0430\u043d\u0430\u043b\u0438\u0437\u0438\u0440\u043e\u0432\u0430\u0442\u044c<\/li>\n<li>\u043f\u0440\u0430\u0432\u0438\u043b\u044c\u043d\u043e\u0441\u0442\u044c \u0441\u0431\u043e\u0440\u043a\u0438 \u0438 \u043d\u0430\u0441\u0442\u0440\u043e\u0439\u043a\u0438, \u0434\u0430\u0442\u044c \u0440\u0435\u043a\u043e\u043c\u0435\u043d\u0434\u0430\u0446\u0438\u0438,<\/li>\n<li>\u043f\u0440\u0435\u0434\u043b\u043e\u0436\u0438\u0442\u044c \u043e\u043f\u0442\u0438\u043c\u0430\u043b\u044c\u043d\u044b\u0435 \u0442\u0435\u0445\u043d\u0438\u0447\u0435\u0441\u043a\u0438\u0435 \u0440\u0435\u0448\u0435\u043d\u0438\u044f \u0434\u043b\u044f \u0432\u0430\u0448\u0435\u0433\u043e \u043a\u043e\u043d\u043a\u0440\u0435\u0442\u043d\u043e\u0433\u043e \u043c\u0430\u0433\u0430\u0437\u0438\u043d\u0430<\/li>\n<\/ul>\n<p><\/div><\/div>\n[\/vc_column_inner][vc_column_inner width=&#187;1\/4&#8243;]<div class=\"how_it_works no_border \"><div class=\"image\"><img src=\"https:\/\/pastorkalt.sk\/wp-content\/uploads\/2017\/09\/postup_3.png\" class=\"scale-with-grid\" alt=\"postup_3\" width=\"128\" height=\"128\"><span class=\"number\">3<\/span><\/div><h3 class=\"likeh4\">\u041f\u0440\u0438\u0433\u043e\u0442\u043e\u0432\u0438\u043c \u043f\u0440\u0435\u0434\u043b\u043e\u0436\u0435\u043d\u0438\u0435 \u043f\u043e \u0440\u0430\u0441\u043f\u043e\u043b\u043e\u0436\u0435\u043d\u0438\u044e<\/h3><div class=\"desc\" style=\"text-align:left;\"><\/p>\n<ul>\n<li>\u041e\u0445\u043b\u0430\u0436\u0434\u0430\u0435\u043c\u043e\u0433\u043e \u043e\u0431\u043e\u0440\u0443\u0434\u043e\u0432\u0430\u043d\u0438\u044f<\/li>\n<li>\u0421\u0442\u0435\u043b\u043b\u0430\u0436\u043d\u043e\u0433\u043e \u043e\u0431\u043e\u0440\u0443\u0434\u043e\u0432\u0430\u043d\u0438\u044f<\/li>\n<li>\u041f\u043e\u0434\u0432\u043e\u0434\u0443 \u0432\u043e\u0434\u044b<\/li>\n<li>\u043a\u0430\u0441\u0441\u043e\u0432\u043e\u0439 \u0437\u043e\u043d\u044b<\/li>\n<li>\u0434\u0440\u0443\u0433\u043e\u0433\u043e \u043d\u0435\u043e\u0431\u0445\u043e\u0434\u0438\u043c\u043e\u0433\u043e \u0434\u043b\u044f \u0434\u0430\u043d\u043d\u043e\u0433\u043e \u043c\u0430\u0433\u0430\u0437\u0438\u043d\u0430 \u043e\u0431\u043e\u0440\u0443\u0434\u043e\u0432\u0430\u043d\u0438\u044f<\/li>\n<li>\u0432\u0441\u0451 \u0443\u0447\u0438\u0442\u044b\u0432\u0430\u044f \u043b\u043e\u0433\u0438\u0441\u0442\u0438\u043a\u0443 \u0442\u043e\u0432\u0430\u0440\u0430 \u0432\u043d\u0443\u0442\u0440\u0438 \u043c\u0430\u0433\u0430\u0437\u0438\u043d\u0430<\/li>\n<\/ul>\n<p><\/div><\/div>\n[\/vc_column_inner][vc_column_inner width=&#187;1\/4&#8243;]<div class=\"how_it_works no_border \"><div class=\"image\"><img src=\"https:\/\/pastorkalt.sk\/wp-content\/uploads\/2017\/09\/postup_4.png\" class=\"scale-with-grid\" alt=\"postup_4\" width=\"128\" height=\"128\"><span class=\"number\">4<\/span><\/div><h3 class=\"likeh4\">\u041f\u0440\u043e\u0435\u043a\u0442\u043d\u0430\u044f \u0434\u043e\u043a\u0443\u043c\u0435\u043d\u0442\u0430\u0446\u0438\u044f<\/h3><div class=\"desc\" style=\"text-align:left;\"><\/p>\n<ul>\n<li>\u041f\u043e\u043c\u0438\u043c\u043e \u0441\u043e\u0433\u043b\u0430\u0441\u043e\u0432\u0430\u043d\u0438\u044f \u043f\u043b\u0430\u043d\u0438\u0440\u043e\u0432\u043a\u0438 \u043c\u044b \u0433\u043e\u0442\u043e\u0432\u044b \u0440\u0430\u0437\u0440\u0430\u0431\u043e\u0442\u0430\u0442\u044c:\n<ul style=\"list-style: circle;\">\n<li>\u044d\u043b\u0435\u043a\u0442\u0440\u0438\u0447\u0435\u0441\u043a\u0438\u0435 \u0441\u0445\u0435\u043c\u044b<\/li>\n<li>\u0433\u0438\u0434\u0440\u0430\u0432\u043b\u0438\u0447\u0435\u0441\u043a\u0438\u0435 \u0441\u0445\u0435\u043c\u044b \u0432\u043a\u043b\u044e\u0447\u0430\u044f \u0444\u0440\u0435\u043e\u043d\u043e\u0442\u0440\u0430\u0441\u0441\u044b \u0438<\/li>\n<li>\u0441\u0438\u0441\u0442\u0435\u043c\u044b \u043e\u0442\u0432\u043e\u0434\u0430 \u043a\u043e\u043d\u0434\u0435\u043d\u0441\u0430\u0442\u0430.\u041c\u044b \u0433\u043e\u0442\u043e\u0432\u044b \u043f\u0440\u0435\u0434\u043b\u043e\u0436\u0438\u0442\u044c<\/li>\n<\/ul>\n<\/li>\n<li>\u0412\u0430\u043c 3D \u0432\u0438\u0437\u0443\u0430\u043b\u0438\u0437\u0430\u0446\u0438\u044e \u0432 \u0440\u0430\u0437\u043b\u0438\u0447\u043d\u044b\u0445 \u0432\u0430\u0440\u0438\u0430\u043d\u0442\u0430\u0445<\/li>\n<li>\u043e\u0442\u0434\u0435\u043b\u043a\u0438 \u0438 \u0446\u0432\u0435\u0442\u043e\u0432\u044b\u0445 \u0440\u0435\u0448\u0435\u043d\u0438\u044f\u0445<\/li>\n<li>\u041a\u043e\u043c\u043c\u0435\u0440\u0447\u0435\u0441\u043a\u043e\u0435 \u043f\u0440\u0435\u0434\u043b\u043e\u0436\u0435\u043d\u0438\u0435 \u043f\u043e \u0432\u044b\u0431\u0440\u0430\u043d\u044b\u043c \u0412\u0430\u043c\u0438 \u0432\u0430\u0440\u0438\u0430\u043d\u0442\u0430\u043c<\/li>\n<\/ul>\n<p><\/div><\/div>\n[\/vc_column_inner][\/vc_row_inner][\/vc_column][\/vc_row][vc_row el_class=&#187;sluzby_projektovanie_bottom&#187;][vc_column][vc_column_text]<\/p>\n<p style=\"text-align: justify;\">\u0420\u0435\u0437\u0443\u043b\u044c\u0442\u0430\u0442\u043e\u043c \u0431\u0443\u0434\u0435\u0442 \u0447\u0435\u0440\u0442\u0435\u0436 \u0441 \u0443\u043a\u0430\u0437\u0430\u043d\u043d\u044b\u043c\u0438 3\u0414 \u043c\u043e\u0434\u0435\u043b\u044f\u043c\u0438 \u043e\u0431\u043e\u0440\u0443\u0434\u043e\u0432\u0430\u043d\u0438\u044f. \u0414\u0430\u043d\u043d\u044b\u0439 \u0447\u0435\u0440\u0442\u0435\u0436 \u043f\u043e\u043b\u0443\u0447\u0438\u0442 \u043a\u043b\u0438\u0435\u043d\u0442 \u0438\u043b\u0438 \u0441\u0442\u0440\u043e\u0438\u0442\u0435\u043b\u044c\u043d\u044b\u0439 \u043f\u0440\u043e\u0435\u043a\u0442\u0438\u0440\u0440\u043e\u0432\u0449\u0438\u043a \u0432 \u044d\u043b\u0435\u043a\u0442\u0440\u043e\u043d\u043d\u043e\u0439 \u0444\u043e\u0440\u043c\u0435.<\/p>\n<p style=\"text-align: justify;\">\u041a\u043b\u0438\u0435\u043d\u0442 \u043f\u043e\u043b\u0443\u0447\u0438\u0442 \u0432\u0438\u0437\u0443\u0430\u043b\u0438\u0437\u0430\u0446\u0438\u044e \u0432 \u043d\u0435\u0441\u043a\u043e\u043b\u044c\u043a\u0438\u0445 \u0432\u0430\u0440\u0438\u0430\u043d\u0442\u0430\u0445.<\/p>\n<p>[\/vc_column_text][\/vc_column][\/vc_row][vc_row full_width=&#187;stretch_row&#187; content_placement=&#187;middle&#187; el_class=&#187;sluzby_cta&#187;][vc_column]<div class=\"call_to_action\"><div class=\"call_to_action_wrapper\"><div class=\"call_left\"><h3>\u0412\u0430\u0441 \u0438\u043d\u0442\u0435\u0440\u0435\u0441\u0443\u044e\u0442 \u0443\u0441\u043b\u0443\u0433\u0438 \u0434\u0438\u0437\u0430\u0439\u043d\u0435\u0440\u0430?<\/h3><\/div><div class=\"call_center\"><div class=\"desc\"><\/div><\/div><div class=\"call_right\"><a href=\"mailto:dalibor.szaraz@pastorkalt.sk\" class=\"cta_link \"  ><span class=\"icon_wrapper cta_icon\"><i class=\"icon-mail\" title=\"\u0421\u0432\u044f\u0436\u0438\u0442\u0435\u0441\u044c \u0441 \u043d\u0430\u043c\u0438\"><\/i><\/span><\/a><\/div><\/div><\/div>\n[\/vc_column][\/vc_row][vc_row disable_element=&#187;yes&#187; el_class=&#187;mobile_disable&#187;][vc_column][vc_column_text]<span class=\"display:none;\">\u043f\u0440\u0438\u043c\u0435\u0440 3\u0414 \u0440\u0430\u0437\u043c\u0435\u0440\u0430 \u043f\u0440\u043e\u0435\u043a\u0442\u043e\u0432\u043e\u0439 \u0434\u043e\u043a\u0443\u043c\u0435\u043d\u0442\u0430\u0446\u0438\u0438 \u043c\u0430\u0433\u0430\u0437\u0438\u043d\u0430 \u0421\u041f\u0410\u0420 \u041d\u043e\u0439\u043a\u0438\u0440\u0445\u0435\u043d<\/span>[\/vc_column_text][vc_single_image image=&#187;5177&#8243; img_size=&#187;full&#187; alignment=&#187;center&#187; onclick=&#187;custom_link&#187; link=&#187;\/fotogaleria\/&#187;][\/vc_column][\/vc_row][vc_row full_width=&#187;stretch_row_content&#187; content_placement=&#187;middle&#187; el_class=&#187;sluzby_paralax mobile_disable&#187; css=&#187;.vc_custom_1580378895161{background-image: url(https:\/\/pastorkalt.sk\/wp-content\/uploads\/2017\/09\/sluzby_subheader.jpg?id=2512) !important;}&#187;][vc_column][vc_column_text]<\/p>\n<p class=\"likeh3 sluzby_paralax_title\">\u043f\u0440\u0438\u043c\u0435\u0440 3\u0414 \u0440\u0430\u0437\u043c\u0435\u0440\u0430 \u043f\u0440\u043e\u0435\u043a\u0442\u043e\u0432\u043e\u0439 \u0434\u043e\u043a\u0443\u043c\u0435\u043d\u0442\u0430\u0446\u0438\u0438 \u043c\u0430\u0433\u0430\u0437\u0438\u043d\u0430 \u0421\u041f\u0410\u0420 \u041d\u043e\u0439\u043a\u0438\u0440\u0445\u0435\u043d<\/p>\n<div class=\"button_align align_center\"><a class=\"button mobile_disable button_size_2 button_js\" href=\"\/ru\/%d1%84%d0%be%d1%82%d0%be%d0%b3%d1%80%d0%b0%d1%84%d0%b8%d0%b8\/\"     ><span class=\"button_label\">\u0424\u043e\u0442\u043e\u0433\u0440\u0430\u0444\u0438\u0438<\/span><\/a><\/div>\n[\/vc_column_text][\/vc_column][\/vc_row]<\/p>\n","protected":false},"excerpt":{"rendered":"<p>[vc_row el_class=&#187;sluzby_projektovanie_top&#187;][vc_column][vc_column_text] \u0432\u044b \u0432\u043b\u0430\u0434\u0435\u043b\u0435\u0446 \u043c\u0430\u0433\u0430\u0437\u0438\u043d\u0430 \u0438 \u043d\u0430\u0445\u043e\u0434\u0438\u0442\u0435\u0441\u044c \u0432 \u0441\u0442\u0430\u0434\u0438\u0438 \u0432\u044b\u0431\u043e\u0440\u0430 \u0442\u043e\u0440\u0433\u043e\u0432\u043e-\u0445\u043e\u043b\u043e\u0434\u0438\u043b\u044c\u043d\u043e\u0433\u043e \u043e\u0431\u043e\u0440\u0443\u0434\u043e\u0432\u0430\u043d\u0438\u044f? \u043c\u044b \u043f\u043e\u043c\u043e\u0436\u0435\u043c \u0441 \u043f\u043e\u0434\u0431\u043e\u0440\u043e\u043c \u0445\u043e\u043b\u043e\u0434\u0438\u043b\u044c\u043d\u043e\u0433\u043e <a class=\"read-more\" href=\"https:\/\/pastorkalt.sk\/ru\/c%d0%bb%d1%83%d0%b6%d0%b1%d1%8b\/\">&#8230;<\/a><\/p>\n","protected":false},"author":5,"featured_media":0,"parent":0,"menu_order":0,"comment_status":"closed","ping_status":"closed","template":"","meta":[],"yoast_head":"<!-- This site is optimized with the Yoast SEO plugin v17.6 - https:\/\/yoast.com\/wordpress\/plugins\/seo\/ -->\n<title>Komplexn\u00e9 slu\u017eby pri zaria\u010fovan\u00ed potravin\u00e1rskych prev\u00e1dzok - Pastorkalt<\/title>\n<meta name=\"description\" content=\"Porad\u00edme V\u00e1m nielen s v\u00fdberom chladiacich vitr\u00edn a n\u00edzko teplotn\u00fdch zariaden\u00ed pre va\u0161e produkty, ale aj navrhneme, kde a pom\u00f4\u017eeme V\u00e1m to cel\u00e9 zrealizova\u0165.\" \/>\n<meta name=\"robots\" content=\"index, follow, max-snippet:-1, max-image-preview:large, max-video-preview:-1\" \/>\n<link rel=\"canonical\" href=\"https:\/\/pastorkalt.sk\/ru\/c%d0%bb%d1%83%d0%b6%d0%b1%d1%8b\/\" \/>\n<meta property=\"og:locale\" content=\"ru_RU\" \/>\n<meta property=\"og:type\" content=\"article\" \/>\n<meta property=\"og:title\" content=\"Komplexn\u00e9 slu\u017eby pri zaria\u010fovan\u00ed potravin\u00e1rskych prev\u00e1dzok - Pastorkalt\" \/>\n<meta property=\"og:description\" content=\"Porad\u00edme V\u00e1m nielen s v\u00fdberom chladiacich vitr\u00edn a n\u00edzko teplotn\u00fdch zariaden\u00ed pre va\u0161e produkty, ale aj navrhneme, kde a pom\u00f4\u017eeme V\u00e1m to cel\u00e9 zrealizova\u0165.\" \/>\n<meta property=\"og:url\" content=\"https:\/\/pastorkalt.sk\/ru\/c%d0%bb%d1%83%d0%b6%d0%b1%d1%8b\/\" \/>\n<meta property=\"og:site_name\" content=\"Pastorkalt.sk\" \/>\n<meta property=\"article:modified_time\" content=\"2021-02-23T11:59:44+00:00\" \/>\n<meta property=\"og:image\" content=\"https:\/\/pastorkalt.sk\/wp-content\/uploads\/2017\/09\/sluzby_subheader.jpg\" \/>\n\t<meta property=\"og:image:width\" content=\"1920\" \/>\n\t<meta property=\"og:image:height\" content=\"400\" \/>\n<meta name=\"twitter:label1\" content=\"\u041f\u0440\u0438\u043c\u0435\u0440\u043d\u043e\u0435 \u0432\u0440\u0435\u043c\u044f \u0434\u043b\u044f \u0447\u0442\u0435\u043d\u0438\u044f\" \/>\n\t<meta name=\"twitter:data1\" content=\"2 \u043c\u0438\u043d\u0443\u0442\u044b\" \/>\n<script type=\"application\/ld+json\" class=\"yoast-schema-graph\">{\"@context\":\"https:\/\/schema.org\",\"@graph\":[{\"@type\":\"Organization\",\"@id\":\"https:\/\/pastorkalt.sk\/de\/#organization\",\"name\":\"PASTORKALT a. s.\",\"url\":\"https:\/\/pastorkalt.sk\/de\/\",\"sameAs\":[],\"logo\":{\"@type\":\"ImageObject\",\"@id\":\"https:\/\/pastorkalt.sk\/de\/#logo\",\"inLanguage\":\"ru-RU\",\"url\":\"https:\/\/pastorkalt.sk\/wp-content\/uploads\/2017\/10\/pklogo_black_retina.png\",\"contentUrl\":\"https:\/\/pastorkalt.sk\/wp-content\/uploads\/2017\/10\/pklogo_black_retina.png\",\"width\":430,\"height\":216,\"caption\":\"PASTORKALT a. s.\"},\"image\":{\"@id\":\"https:\/\/pastorkalt.sk\/de\/#logo\"}},{\"@type\":\"WebSite\",\"@id\":\"https:\/\/pastorkalt.sk\/de\/#website\",\"url\":\"https:\/\/pastorkalt.sk\/de\/\",\"name\":\"Pastorkalt.sk\",\"description\":\"Ak to m\\u00e1 by\\u0165 chladen\\u00e9\",\"publisher\":{\"@id\":\"https:\/\/pastorkalt.sk\/de\/#organization\"},\"potentialAction\":[{\"@type\":\"SearchAction\",\"target\":{\"@type\":\"EntryPoint\",\"urlTemplate\":\"https:\/\/pastorkalt.sk\/de\/?s={search_term_string}\"},\"query-input\":\"required name=search_term_string\"}],\"inLanguage\":\"ru-RU\"},{\"@type\":\"ImageObject\",\"@id\":\"https:\/\/pastorkalt.sk\/ru\/c%d0%bb%d1%83%d0%b6%d0%b1%d1%8b\/#primaryimage\",\"inLanguage\":\"ru-RU\",\"url\":\"https:\/\/pastorkalt.sk\/wp-content\/uploads\/2017\/09\/sluzby_subheader.jpg\",\"contentUrl\":\"https:\/\/pastorkalt.sk\/wp-content\/uploads\/2017\/09\/sluzby_subheader.jpg\",\"width\":1920,\"height\":400},{\"@type\":\"WebPage\",\"@id\":\"https:\/\/pastorkalt.sk\/ru\/c%d0%bb%d1%83%d0%b6%d0%b1%d1%8b\/#webpage\",\"url\":\"https:\/\/pastorkalt.sk\/ru\/c%d0%bb%d1%83%d0%b6%d0%b1%d1%8b\/\",\"name\":\"Komplexn\\u00e9 slu\\u017eby pri zaria\\u010fovan\\u00ed potravin\\u00e1rskych prev\\u00e1dzok - Pastorkalt\",\"isPartOf\":{\"@id\":\"https:\/\/pastorkalt.sk\/de\/#website\"},\"datePublished\":\"2017-09-04T13:13:49+00:00\",\"dateModified\":\"2021-02-23T11:59:44+00:00\",\"description\":\"Porad\\u00edme V\\u00e1m nielen s v\\u00fdberom chladiacich vitr\\u00edn a n\\u00edzko teplotn\\u00fdch zariaden\\u00ed pre va\\u0161e produkty, ale aj navrhneme, kde a pom\\u00f4\\u017eeme V\\u00e1m to cel\\u00e9 zrealizova\\u0165.\",\"breadcrumb\":{\"@id\":\"https:\/\/pastorkalt.sk\/ru\/c%d0%bb%d1%83%d0%b6%d0%b1%d1%8b\/#breadcrumb\"},\"inLanguage\":\"ru-RU\",\"potentialAction\":[{\"@type\":\"ReadAction\",\"target\":[\"https:\/\/pastorkalt.sk\/ru\/c%d0%bb%d1%83%d0%b6%d0%b1%d1%8b\/\"]}]},{\"@type\":\"BreadcrumbList\",\"@id\":\"https:\/\/pastorkalt.sk\/ru\/c%d0%bb%d1%83%d0%b6%d0%b1%d1%8b\/#breadcrumb\",\"itemListElement\":[{\"@type\":\"ListItem\",\"position\":1,\"name\":\"Home\",\"item\":\"https:\/\/pastorkalt.sk\/ru\/\"},{\"@type\":\"ListItem\",\"position\":2,\"name\":\"\\u0421\\u043b\\u0443\\u0436\\u0431\\u044b\"}]}]}<\/script>\n<!-- \/ Yoast SEO plugin. -->","yoast_head_json":{"title":"Komplexn\u00e9 slu\u017eby pri zaria\u010fovan\u00ed potravin\u00e1rskych prev\u00e1dzok - Pastorkalt","description":"Porad\u00edme V\u00e1m nielen s v\u00fdberom chladiacich vitr\u00edn a n\u00edzko teplotn\u00fdch zariaden\u00ed pre va\u0161e produkty, ale aj navrhneme, kde a pom\u00f4\u017eeme V\u00e1m to cel\u00e9 zrealizova\u0165.","robots":{"index":"index","follow":"follow","max-snippet":"max-snippet:-1","max-image-preview":"max-image-preview:large","max-video-preview":"max-video-preview:-1"},"canonical":"https:\/\/pastorkalt.sk\/ru\/c%d0%bb%d1%83%d0%b6%d0%b1%d1%8b\/","og_locale":"ru_RU","og_type":"article","og_title":"Komplexn\u00e9 slu\u017eby pri zaria\u010fovan\u00ed potravin\u00e1rskych prev\u00e1dzok - Pastorkalt","og_description":"Porad\u00edme V\u00e1m nielen s v\u00fdberom chladiacich vitr\u00edn a n\u00edzko teplotn\u00fdch zariaden\u00ed pre va\u0161e produkty, ale aj navrhneme, kde a pom\u00f4\u017eeme V\u00e1m to cel\u00e9 zrealizova\u0165.","og_url":"https:\/\/pastorkalt.sk\/ru\/c%d0%bb%d1%83%d0%b6%d0%b1%d1%8b\/","og_site_name":"Pastorkalt.sk","article_modified_time":"2021-02-23T11:59:44+00:00","og_image":[{"width":1920,"height":400,"url":"https:\/\/pastorkalt.sk\/wp-content\/uploads\/2017\/09\/sluzby_subheader.jpg","type":"image\/jpeg"}],"twitter_misc":{"\u041f\u0440\u0438\u043c\u0435\u0440\u043d\u043e\u0435 \u0432\u0440\u0435\u043c\u044f \u0434\u043b\u044f \u0447\u0442\u0435\u043d\u0438\u044f":"2 \u043c\u0438\u043d\u0443\u0442\u044b"},"schema":{"@context":"https:\/\/schema.org","@graph":[{"@type":"Organization","@id":"https:\/\/pastorkalt.sk\/de\/#organization","name":"PASTORKALT a. s.","url":"https:\/\/pastorkalt.sk\/de\/","sameAs":[],"logo":{"@type":"ImageObject","@id":"https:\/\/pastorkalt.sk\/de\/#logo","inLanguage":"ru-RU","url":"https:\/\/pastorkalt.sk\/wp-content\/uploads\/2017\/10\/pklogo_black_retina.png","contentUrl":"https:\/\/pastorkalt.sk\/wp-content\/uploads\/2017\/10\/pklogo_black_retina.png","width":430,"height":216,"caption":"PASTORKALT a. s."},"image":{"@id":"https:\/\/pastorkalt.sk\/de\/#logo"}},{"@type":"WebSite","@id":"https:\/\/pastorkalt.sk\/de\/#website","url":"https:\/\/pastorkalt.sk\/de\/","name":"Pastorkalt.sk","description":"Ak to m\u00e1 by\u0165 chladen\u00e9","publisher":{"@id":"https:\/\/pastorkalt.sk\/de\/#organization"},"potentialAction":[{"@type":"SearchAction","target":{"@type":"EntryPoint","urlTemplate":"https:\/\/pastorkalt.sk\/de\/?s={search_term_string}"},"query-input":"required name=search_term_string"}],"inLanguage":"ru-RU"},{"@type":"ImageObject","@id":"https:\/\/pastorkalt.sk\/ru\/c%d0%bb%d1%83%d0%b6%d0%b1%d1%8b\/#primaryimage","inLanguage":"ru-RU","url":"https:\/\/pastorkalt.sk\/wp-content\/uploads\/2017\/09\/sluzby_subheader.jpg","contentUrl":"https:\/\/pastorkalt.sk\/wp-content\/uploads\/2017\/09\/sluzby_subheader.jpg","width":1920,"height":400},{"@type":"WebPage","@id":"https:\/\/pastorkalt.sk\/ru\/c%d0%bb%d1%83%d0%b6%d0%b1%d1%8b\/#webpage","url":"https:\/\/pastorkalt.sk\/ru\/c%d0%bb%d1%83%d0%b6%d0%b1%d1%8b\/","name":"Komplexn\u00e9 slu\u017eby pri zaria\u010fovan\u00ed potravin\u00e1rskych prev\u00e1dzok - Pastorkalt","isPartOf":{"@id":"https:\/\/pastorkalt.sk\/de\/#website"},"datePublished":"2017-09-04T13:13:49+00:00","dateModified":"2021-02-23T11:59:44+00:00","description":"Porad\u00edme V\u00e1m nielen s v\u00fdberom chladiacich vitr\u00edn a n\u00edzko teplotn\u00fdch zariaden\u00ed pre va\u0161e produkty, ale aj navrhneme, kde a pom\u00f4\u017eeme V\u00e1m to cel\u00e9 zrealizova\u0165.","breadcrumb":{"@id":"https:\/\/pastorkalt.sk\/ru\/c%d0%bb%d1%83%d0%b6%d0%b1%d1%8b\/#breadcrumb"},"inLanguage":"ru-RU","potentialAction":[{"@type":"ReadAction","target":["https:\/\/pastorkalt.sk\/ru\/c%d0%bb%d1%83%d0%b6%d0%b1%d1%8b\/"]}]},{"@type":"BreadcrumbList","@id":"https:\/\/pastorkalt.sk\/ru\/c%d0%bb%d1%83%d0%b6%d0%b1%d1%8b\/#breadcrumb","itemListElement":[{"@type":"ListItem","position":1,"name":"Home","item":"https:\/\/pastorkalt.sk\/ru\/"},{"@type":"ListItem","position":2,"name":"\u0421\u043b\u0443\u0436\u0431\u044b"}]}]}},"_links":{"self":[{"href":"https:\/\/pastorkalt.sk\/ru\/wp-json\/wp\/v2\/pages\/3464"}],"collection":[{"href":"https:\/\/pastorkalt.sk\/ru\/wp-json\/wp\/v2\/pages"}],"about":[{"href":"https:\/\/pastorkalt.sk\/ru\/wp-json\/wp\/v2\/types\/page"}],"author":[{"embeddable":true,"href":"https:\/\/pastorkalt.sk\/ru\/wp-json\/wp\/v2\/users\/5"}],"replies":[{"embeddable":true,"href":"https:\/\/pastorkalt.sk\/ru\/wp-json\/wp\/v2\/comments?post=3464"}],"version-history":[{"count":24,"href":"https:\/\/pastorkalt.sk\/ru\/wp-json\/wp\/v2\/pages\/3464\/revisions"}],"predecessor-version":[{"id":6373,"href":"https:\/\/pastorkalt.sk\/ru\/wp-json\/wp\/v2\/pages\/3464\/revisions\/6373"}],"wp:attachment":[{"href":"https:\/\/pastorkalt.sk\/ru\/wp-json\/wp\/v2\/media?parent=3464"}],"curies":[{"name":"wp","href":"https:\/\/api.w.org\/{rel}","templated":true}]}}